{"id":162,"date":"2022-03-31T15:48:22","date_gmt":"2022-03-31T13:48:22","guid":{"rendered":"http:\/\/www.xn--weinblten-v9a.at\/?page_id=162"},"modified":"2022-03-31T23:30:50","modified_gmt":"2022-03-31T21:30:50","slug":"beatrix-lamprecht","status":"publish","type":"page","link":"https:\/\/www.xn--weinblten-v9a.at\/?page_id=162","title":{"rendered":"Beatrix Lamprecht"},"content":{"rendered":"\n<div class=\"wp-block-media-text alignwide has-media-on-the-right is-stacked-on-mobile\"><figure class=\"wp-block-media-text__media\"><img fetchpriority=\"high\" decoding=\"async\" width=\"1024\" height=\"1024\" src=\"http:\/\/www.xn--weinblten-v9a.at\/wp-content\/uploads\/2022\/03\/Lamprecht-1024x1024.png\" alt=\"\" class=\"wp-image-163 size-full\" srcset=\"https:\/\/www.xn--weinblten-v9a.at\/wp-content\/uploads\/2022\/03\/Lamprecht-1024x1024.png 1024w, https:\/\/www.xn--weinblten-v9a.at\/wp-content\/uploads\/2022\/03\/Lamprecht-300x300.png 300w, https:\/\/www.xn--weinblten-v9a.at\/wp-content\/uploads\/2022\/03\/Lamprecht-150x150.png 150w, https:\/\/www.xn--weinblten-v9a.at\/wp-content\/uploads\/2022\/03\/Lamprecht-768x768.png 768w, https:\/\/www.xn--weinblten-v9a.at\/wp-content\/uploads\/2022\/03\/Lamprecht-1536x1536.png 1536w, https:\/\/www.xn--weinblten-v9a.at\/wp-content\/uploads\/2022\/03\/Lamprecht-2048x2048.png 2048w, https:\/\/www.xn--weinblten-v9a.at\/wp-content\/uploads\/2022\/03\/Lamprecht-1140x1140.png 1140w, https:\/\/www.xn--weinblten-v9a.at\/wp-content\/uploads\/2022\/03\/Lamprecht-75x75.png 75w\" sizes=\"(max-width: 1024px) 100vw, 1024px\" \/><\/figure><div class=\"wp-block-media-text__content\">\n<p><strong><mark style=\"background-color:rgba(0, 0, 0, 0);color:#c8164d\" class=\"has-inline-color\">BEATRIX LAMPRECHT<\/mark><\/strong> &#8211; verwurzelt in Kl\u00f6ch Halbenrain<br>Jahrgang 1993<br>Beatrix zeigt als j\u00fcngste Tochter einer Weinbauernfamilie schon fr\u00fch gro\u00dfes Interesse an Weing\u00e4rten, Lese &amp; Wein und f\u00fchrt seit 2012 den elterlichen Weinbaubetrieb gemeinsam mit ihrer Mutter.<\/p>\n\n\n\n<p>AUSBILDUNG<\/p>\n\n\n\n<ul class=\"wp-block-list\"><li>Absolviert 2011 die Weinbauschule Silberberg<\/li><li>Meisterkurs f\u00fcr Weinbau und Kellerwirtschaft 2014 \u2013 2017<\/li><\/ul>\n\n\n\n<p>MITGLIED<\/p>\n\n\n\n<ul class=\"wp-block-list\"><li>\u00bbWinzer Vulkanland Steiermark\u00ab<\/li><li>Mitgliedsbetrieb bei \u00bbKl\u00f6cher Traminer Winzer\u00ab<\/li><li>Mitgleidsbetrieb bei \u201eGenuss am Fluss\u201c<\/li><\/ul>\n\n\n\n<p><a href=\"https:\/\/www.weinbau-lamprecht.at\/\">https:\/\/www.weinbau-lamprecht.at\/<\/a><\/p>\n<\/div><\/div>\n\n\n<div  id=\"jtg-248\" class=\"modula modula-gallery modula-creative-gallery\" data-config=\"{&quot;height&quot;:800,&quot;tabletHeight&quot;:800,&quot;mobileHeight&quot;:800,&quot;desktopHeight&quot;:800,&quot;enableTwitter&quot;:false,&quot;enableWhatsapp&quot;:false,&quot;enableFacebook&quot;:false,&quot;enablePinterest&quot;:false,&quot;enableLinkedin&quot;:false,&quot;enableEmail&quot;:false,&quot;randomFactor&quot;:0.5,&quot;type&quot;:&quot;creative-gallery&quot;,&quot;columns&quot;:12,&quot;gutter&quot;:10,&quot;mobileGutter&quot;:10,&quot;tabletGutter&quot;:10,&quot;desktopGutter&quot;:10,&quot;enableResponsive&quot;:&quot;0&quot;,&quot;tabletColumns&quot;:&quot;2&quot;,&quot;mobileColumns&quot;:&quot;1&quot;,&quot;lazyLoad&quot;:0,&quot;lightboxOpts&quot;:{&quot;animated&quot;:true,&quot;Thumbs&quot;:{&quot;type&quot;:&quot;modern&quot;,&quot;showOnStart&quot;:false},&quot;Toolbar&quot;:{&quot;display&quot;:{&quot;right&quot;:[&quot;close&quot;]},&quot;enabled&quot;:true},&quot;Carousel&quot;:{&quot;Panzoom&quot;:{&quot;touch&quot;:true},&quot;infinite&quot;:false},&quot;keyboard&quot;:{&quot;Escape&quot;:&quot;close&quot;,&quot;Delete&quot;:&quot;close&quot;,&quot;Backspace&quot;:&quot;close&quot;,&quot;PageUp&quot;:false,&quot;PageDown&quot;:false,&quot;ArrowUp&quot;:false,&quot;ArrowDown&quot;:false,&quot;ArrowRight&quot;:false,&quot;ArrowLeft&quot;:false},&quot;touch&quot;:false,&quot;backdropClick&quot;:false,&quot;l10n&quot;:{&quot;CLOSE&quot;:&quot;Close&quot;,&quot;NEXT&quot;:&quot;Next&quot;,&quot;PREV&quot;:&quot;Previous&quot;,&quot;Error&quot;:&quot;The requested content cannot be loaded. Please try again later.&quot;,&quot;PLAY_START&quot;:&quot;Start slideshow&quot;,&quot;PLAY_STOP&quot;:&quot;Pause slideshow&quot;,&quot;FULL_SCREEN&quot;:&quot;Full screen&quot;,&quot;THUMBS&quot;:&quot;Thumbnails&quot;,&quot;DOWNLOAD&quot;:&quot;Download&quot;,&quot;SHARE&quot;:&quot;Share&quot;,&quot;ZOOM&quot;:&quot;Zoom&quot;,&quot;EMAIL&quot;:&quot;Here is the link to the image : %%image_link%% and this is the link to the gallery : %%gallery_link%%&quot;,&quot;MODAL&quot;:&quot;You can close this modal content with the ESC key&quot;,&quot;ERROR&quot;:&quot;Something Went Wrong, Please Try Again Later&quot;,&quot;IMAGE_ERROR&quot;:&quot;Image Not Found&quot;,&quot;ELEMENT_NOT_FOUND&quot;:&quot;HTML Element Not Found&quot;,&quot;AJAX_NOT_FOUND&quot;:&quot;Error Loading AJAX : Not Found&quot;,&quot;AJAX_FORBIDDEN&quot;:&quot;Error Loading AJAX : Forbidden&quot;,&quot;IFRAME_ERROR&quot;:&quot;Error Loading Page&quot;,&quot;TOGGLE_ZOOM&quot;:&quot;Toggle zoom level&quot;,&quot;TOGGLE_THUMBS&quot;:&quot;Toggle thumbnails&quot;,&quot;TOGGLE_SLIDESHOW&quot;:&quot;Toggle slideshow&quot;,&quot;TOGGLE_FULLSCREEN&quot;:&quot;Toggle full-screen mode&quot;},&quot;Images&quot;:{&quot;Panzoom&quot;:{&quot;maxScale&quot;:2}},&quot;mainClass&quot;:&quot;modula-fancybox-container modula-lightbox-jtg-248&quot;,&quot;Html&quot;:{&quot;videoAutoplay&quot;:0,&quot;videoTpl&quot;:&quot;&lt;video class=\\&quot;fancybox__html5video\\&quot; controls muted playsinline controlsList controlsList=\\&quot;nodownload\\&quot; poster=\\&quot;{{poster}}\\&quot; src=\\&quot;{{src}}\\&quot; type=\\&quot;{{format}}\\&quot; &gt;  Sorry, your browser doesn&#039;t support embedded videos, &lt;a href=\\&quot;{{src}}\\&quot;&gt; download &lt;\\\/a&gt; and watch with your favorite video player! &lt;\\\/video&gt;&quot;}},&quot;inView&quot;:false,&quot;email_subject&quot;:&quot;Check out this awesome image !!&quot;,&quot;email_message&quot;:&quot;Here is the link to the image : %%image_link%% and this is the link to the gallery : %%gallery_link%%&quot;,&quot;lightbox&quot;:&quot;fancybox&quot;}\">\n\n\t\n\t<div  class=\"modula-items\">\n\t\t<div class=\"modula-item effect-pufrobo\" >\n\t<div class=\"modula-item-overlay\"><\/div>\n\n\t<div class=\"modula-item-content\">\n\n\t\t<a data-image-id=\"249\" role=\"button\" data-elementor-open-lightbox=\"no\" tabindex=\"0\" rel=\"jtg-248\" data-caption=\"\" aria-label=\"Open image in lightbox\" class=\"tile-inner modula-item-link\"><\/a><img decoding=\"async\" class=\"pic wp-image-249\"  data-valign=\"middle\" data-halign=\"center\" alt=\"\" data-full=\"https:\/\/www.xn--weinblten-v9a.at\/wp-content\/uploads\/2022\/03\/BU3T0017.jpg\" title=\"BU3T0017\" crop=\"\" width=\"1654\" height=\"2480\" src=\"https:\/\/www.xn--weinblten-v9a.at\/wp-content\/uploads\/2022\/03\/BU3T0017.jpg\" data-src=\"https:\/\/www.xn--weinblten-v9a.at\/wp-content\/uploads\/2022\/03\/BU3T0017.jpg\" data-caption=\"\" srcset=\"https:\/\/www.xn--weinblten-v9a.at\/wp-content\/uploads\/2022\/03\/BU3T0017.jpg 1654w, https:\/\/www.xn--weinblten-v9a.at\/wp-content\/uploads\/2022\/03\/BU3T0017-200x300.jpg 200w, https:\/\/www.xn--weinblten-v9a.at\/wp-content\/uploads\/2022\/03\/BU3T0017-683x1024.jpg 683w, https:\/\/www.xn--weinblten-v9a.at\/wp-content\/uploads\/2022\/03\/BU3T0017-768x1152.jpg 768w, https:\/\/www.xn--weinblten-v9a.at\/wp-content\/uploads\/2022\/03\/BU3T0017-1024x1536.jpg 1024w, https:\/\/www.xn--weinblten-v9a.at\/wp-content\/uploads\/2022\/03\/BU3T0017-1366x2048.jpg 1366w, https:\/\/www.xn--weinblten-v9a.at\/wp-content\/uploads\/2022\/03\/BU3T0017-1140x1709.jpg 1140w\" sizes=\"(max-width: 1654px) 100vw, 1654px\" \/>\n\t\t<div class=\"figc no-description\">\n\t\t\t<div class=\"figc-inner\">\n\t\t\t\t\t\t\t\t\t\t\t\t\t\t\t<\/div>\n\t\t<\/div>\n\n\t<\/div>\n\n<\/div><div class=\"modula-item effect-pufrobo\" >\n\t<div class=\"modula-item-overlay\"><\/div>\n\n\t<div class=\"modula-item-content\">\n\n\t\t<a data-image-id=\"250\" role=\"button\" data-elementor-open-lightbox=\"no\" tabindex=\"0\" rel=\"jtg-248\" data-caption=\"\" aria-label=\"Open image in lightbox\" class=\"tile-inner modula-item-link\"><\/a><img decoding=\"async\" class=\"pic wp-image-250\"  data-valign=\"middle\" data-halign=\"center\" alt=\"\" data-full=\"https:\/\/www.xn--weinblten-v9a.at\/wp-content\/uploads\/2022\/03\/BU3T8156.jpg\" title=\"BU3T8156\" crop=\"\" width=\"2480\" height=\"1654\" src=\"https:\/\/www.xn--weinblten-v9a.at\/wp-content\/uploads\/2022\/03\/BU3T8156.jpg\" data-src=\"https:\/\/www.xn--weinblten-v9a.at\/wp-content\/uploads\/2022\/03\/BU3T8156.jpg\" data-caption=\"\" srcset=\"https:\/\/www.xn--weinblten-v9a.at\/wp-content\/uploads\/2022\/03\/BU3T8156.jpg 2480w, https:\/\/www.xn--weinblten-v9a.at\/wp-content\/uploads\/2022\/03\/BU3T8156-300x200.jpg 300w, https:\/\/www.xn--weinblten-v9a.at\/wp-content\/uploads\/2022\/03\/BU3T8156-1024x683.jpg 1024w, https:\/\/www.xn--weinblten-v9a.at\/wp-content\/uploads\/2022\/03\/BU3T8156-768x512.jpg 768w, https:\/\/www.xn--weinblten-v9a.at\/wp-content\/uploads\/2022\/03\/BU3T8156-1536x1024.jpg 1536w, https:\/\/www.xn--weinblten-v9a.at\/wp-content\/uploads\/2022\/03\/BU3T8156-2048x1366.jpg 2048w, https:\/\/www.xn--weinblten-v9a.at\/wp-content\/uploads\/2022\/03\/BU3T8156-1140x760.jpg 1140w\" sizes=\"(max-width: 2480px) 100vw, 2480px\" \/>\n\t\t<div class=\"figc no-description\">\n\t\t\t<div class=\"figc-inner\">\n\t\t\t\t\t\t\t\t\t\t\t\t\t\t\t<\/div>\n\t\t<\/div>\n\n\t<\/div>\n\n<\/div><div class=\"modula-item effect-pufrobo\" >\n\t<div class=\"modula-item-overlay\"><\/div>\n\n\t<div class=\"modula-item-content\">\n\n\t\t<a data-image-id=\"251\" role=\"button\" data-elementor-open-lightbox=\"no\" tabindex=\"0\" rel=\"jtg-248\" data-caption=\"\" aria-label=\"Open image in lightbox\" class=\"tile-inner modula-item-link\"><\/a><img loading=\"lazy\" decoding=\"async\" class=\"pic wp-image-251\"  data-valign=\"middle\" data-halign=\"center\" alt=\"\" data-full=\"https:\/\/www.xn--weinblten-v9a.at\/wp-content\/uploads\/2022\/03\/BU3T8589.jpg\" title=\"BU3T8589\" crop=\"\" width=\"2480\" height=\"1654\" src=\"https:\/\/www.xn--weinblten-v9a.at\/wp-content\/uploads\/2022\/03\/BU3T8589.jpg\" data-src=\"https:\/\/www.xn--weinblten-v9a.at\/wp-content\/uploads\/2022\/03\/BU3T8589.jpg\" data-caption=\"\" srcset=\"https:\/\/www.xn--weinblten-v9a.at\/wp-content\/uploads\/2022\/03\/BU3T8589.jpg 2480w, https:\/\/www.xn--weinblten-v9a.at\/wp-content\/uploads\/2022\/03\/BU3T8589-300x200.jpg 300w, https:\/\/www.xn--weinblten-v9a.at\/wp-content\/uploads\/2022\/03\/BU3T8589-1024x683.jpg 1024w, https:\/\/www.xn--weinblten-v9a.at\/wp-content\/uploads\/2022\/03\/BU3T8589-768x512.jpg 768w, https:\/\/www.xn--weinblten-v9a.at\/wp-content\/uploads\/2022\/03\/BU3T8589-1536x1024.jpg 1536w, https:\/\/www.xn--weinblten-v9a.at\/wp-content\/uploads\/2022\/03\/BU3T8589-2048x1366.jpg 2048w, https:\/\/www.xn--weinblten-v9a.at\/wp-content\/uploads\/2022\/03\/BU3T8589-1140x760.jpg 1140w\" sizes=\"(max-width: 2480px) 100vw, 2480px\" \/>\n\t\t<div class=\"figc no-description\">\n\t\t\t<div class=\"figc-inner\">\n\t\t\t\t\t\t\t\t\t\t\t\t\t\t\t<\/div>\n\t\t<\/div>\n\n\t<\/div>\n\n<\/div><div class=\"modula-item effect-pufrobo\" >\n\t<div class=\"modula-item-overlay\"><\/div>\n\n\t<div class=\"modula-item-content\">\n\n\t\t<a data-image-id=\"252\" role=\"button\" data-elementor-open-lightbox=\"no\" tabindex=\"0\" rel=\"jtg-248\" data-caption=\"\" aria-label=\"Open image in lightbox\" class=\"tile-inner modula-item-link\"><\/a><img loading=\"lazy\" decoding=\"async\" class=\"pic wp-image-252\"  data-valign=\"middle\" data-halign=\"center\" alt=\"\" data-full=\"https:\/\/www.xn--weinblten-v9a.at\/wp-content\/uploads\/2022\/03\/BU3T8970.jpg\" title=\"BU3T8970\" crop=\"\" width=\"2480\" height=\"1654\" src=\"https:\/\/www.xn--weinblten-v9a.at\/wp-content\/uploads\/2022\/03\/BU3T8970.jpg\" data-src=\"https:\/\/www.xn--weinblten-v9a.at\/wp-content\/uploads\/2022\/03\/BU3T8970.jpg\" data-caption=\"\" srcset=\"https:\/\/www.xn--weinblten-v9a.at\/wp-content\/uploads\/2022\/03\/BU3T8970.jpg 2480w, https:\/\/www.xn--weinblten-v9a.at\/wp-content\/uploads\/2022\/03\/BU3T8970-300x200.jpg 300w, https:\/\/www.xn--weinblten-v9a.at\/wp-content\/uploads\/2022\/03\/BU3T8970-1024x683.jpg 1024w, https:\/\/www.xn--weinblten-v9a.at\/wp-content\/uploads\/2022\/03\/BU3T8970-768x512.jpg 768w, https:\/\/www.xn--weinblten-v9a.at\/wp-content\/uploads\/2022\/03\/BU3T8970-1536x1024.jpg 1536w, https:\/\/www.xn--weinblten-v9a.at\/wp-content\/uploads\/2022\/03\/BU3T8970-2048x1366.jpg 2048w, https:\/\/www.xn--weinblten-v9a.at\/wp-content\/uploads\/2022\/03\/BU3T8970-1140x760.jpg 1140w\" sizes=\"(max-width: 2480px) 100vw, 2480px\" \/>\n\t\t<div class=\"figc no-description\">\n\t\t\t<div class=\"figc-inner\">\n\t\t\t\t\t\t\t\t\t\t\t\t\t\t\t<\/div>\n\t\t<\/div>\n\n\t<\/div>\n\n<\/div><div class=\"modula-item effect-pufrobo\" >\n\t<div class=\"modula-item-overlay\"><\/div>\n\n\t<div class=\"modula-item-content\">\n\n\t\t<a data-image-id=\"253\" role=\"button\" data-elementor-open-lightbox=\"no\" tabindex=\"0\" rel=\"jtg-248\" data-caption=\"\" aria-label=\"Open image in lightbox\" class=\"tile-inner modula-item-link\"><\/a><img loading=\"lazy\" decoding=\"async\" class=\"pic wp-image-253\"  data-valign=\"middle\" data-halign=\"center\" alt=\"\" data-full=\"https:\/\/www.xn--weinblten-v9a.at\/wp-content\/uploads\/2022\/03\/BU3T8759.jpg\" title=\"BU3T8759\" crop=\"\" width=\"1654\" height=\"2480\" src=\"https:\/\/www.xn--weinblten-v9a.at\/wp-content\/uploads\/2022\/03\/BU3T8759.jpg\" data-src=\"https:\/\/www.xn--weinblten-v9a.at\/wp-content\/uploads\/2022\/03\/BU3T8759.jpg\" data-caption=\"\" srcset=\"https:\/\/www.xn--weinblten-v9a.at\/wp-content\/uploads\/2022\/03\/BU3T8759.jpg 1654w, https:\/\/www.xn--weinblten-v9a.at\/wp-content\/uploads\/2022\/03\/BU3T8759-200x300.jpg 200w, https:\/\/www.xn--weinblten-v9a.at\/wp-content\/uploads\/2022\/03\/BU3T8759-683x1024.jpg 683w, https:\/\/www.xn--weinblten-v9a.at\/wp-content\/uploads\/2022\/03\/BU3T8759-768x1152.jpg 768w, https:\/\/www.xn--weinblten-v9a.at\/wp-content\/uploads\/2022\/03\/BU3T8759-1024x1536.jpg 1024w, https:\/\/www.xn--weinblten-v9a.at\/wp-content\/uploads\/2022\/03\/BU3T8759-1366x2048.jpg 1366w, https:\/\/www.xn--weinblten-v9a.at\/wp-content\/uploads\/2022\/03\/BU3T8759-1140x1709.jpg 1140w\" sizes=\"(max-width: 1654px) 100vw, 1654px\" \/>\n\t\t<div class=\"figc no-description\">\n\t\t\t<div class=\"figc-inner\">\n\t\t\t\t\t\t\t\t\t\t\t\t\t\t\t<\/div>\n\t\t<\/div>\n\n\t<\/div>\n\n<\/div><div class=\"modula-item effect-pufrobo\" >\n\t<div class=\"modula-item-overlay\"><\/div>\n\n\t<div class=\"modula-item-content\">\n\n\t\t<a data-image-id=\"254\" role=\"button\" data-elementor-open-lightbox=\"no\" tabindex=\"0\" rel=\"jtg-248\" data-caption=\"\" aria-label=\"Open image in lightbox\" class=\"tile-inner modula-item-link\"><\/a><img loading=\"lazy\" decoding=\"async\" class=\"pic wp-image-254\"  data-valign=\"middle\" data-halign=\"center\" alt=\"\" data-full=\"https:\/\/www.xn--weinblten-v9a.at\/wp-content\/uploads\/2022\/03\/BU3T8076.jpg\" title=\"BU3T8076\" crop=\"\" width=\"2480\" height=\"1654\" src=\"https:\/\/www.xn--weinblten-v9a.at\/wp-content\/uploads\/2022\/03\/BU3T8076.jpg\" data-src=\"https:\/\/www.xn--weinblten-v9a.at\/wp-content\/uploads\/2022\/03\/BU3T8076.jpg\" data-caption=\"\" srcset=\"https:\/\/www.xn--weinblten-v9a.at\/wp-content\/uploads\/2022\/03\/BU3T8076.jpg 2480w, https:\/\/www.xn--weinblten-v9a.at\/wp-content\/uploads\/2022\/03\/BU3T8076-300x200.jpg 300w, https:\/\/www.xn--weinblten-v9a.at\/wp-content\/uploads\/2022\/03\/BU3T8076-1024x683.jpg 1024w, https:\/\/www.xn--weinblten-v9a.at\/wp-content\/uploads\/2022\/03\/BU3T8076-768x512.jpg 768w, https:\/\/www.xn--weinblten-v9a.at\/wp-content\/uploads\/2022\/03\/BU3T8076-1536x1024.jpg 1536w, https:\/\/www.xn--weinblten-v9a.at\/wp-content\/uploads\/2022\/03\/BU3T8076-2048x1366.jpg 2048w, https:\/\/www.xn--weinblten-v9a.at\/wp-content\/uploads\/2022\/03\/BU3T8076-1140x760.jpg 1140w\" sizes=\"(max-width: 2480px) 100vw, 2480px\" \/>\n\t\t<div class=\"figc no-description\">\n\t\t\t<div class=\"figc-inner\">\n\t\t\t\t\t\t\t\t\t\t\t\t\t\t\t<\/div>\n\t\t<\/div>\n\n\t<\/div>\n\n<\/div>\t\t\n\t<\/div>\n\n\t\n\t\n\t<script type=\"application\/ld+json\">\n\t{\n\t\t\"@context\": \"http:\/\/schema.org\",\n\t\t\"@type\"   : \"ImageGallery\",\n\t\t\"id\"      : \"https:\/\/www.xn--weinblten-v9a.at\/?page_id=162\/\",\n\t\t\"url\"     : \"https:\/\/www.xn--weinblten-v9a.at\/?page_id=162\/\"\n\t}\n\n\t<\/script>\n\n\t\n<\/div>\n","protected":false},"excerpt":{"rendered":"<p>BEATRIX LAMPRECHT &#8211; verwurzelt in Kl\u00f6ch HalbenrainJahrgang 1993Beatrix zeigt als j\u00fcngste Tochter einer Weinbauernfamilie schon fr\u00fch gro\u00dfes Interesse an Weing\u00e4rten, Lese &amp; Wein und f\u00fchrt seit 2012 den elterlichen Weinbaubetrieb gemeinsam mit ihrer Mutter. AUSBILDUNG Absolviert 2011 die Weinbauschule Silberberg Meisterkurs f\u00fcr Weinbau und Kellerwirtschaft 2014 \u2013 2017 MITGLIED \u00bbWinzer Vulkanland Steiermark\u00ab Mitgliedsbetrieb bei \u00bbKl\u00f6cher Traminer Winzer\u00ab Mitgleidsbetrieb bei \u201eGenuss am Fluss\u201c https:\/\/www.weinbau-lamprecht.at\/<\/p>\n","protected":false},"author":1,"featured_media":0,"parent":0,"menu_order":0,"comment_status":"closed","ping_status":"closed","template":"","meta":{"_mc_calendar":[],"footnotes":""},"class_list":["post-162","page","type-page","status-publish","hentry"],"_links":{"self":[{"href":"https:\/\/www.xn--weinblten-v9a.at\/index.php?rest_route=\/wp\/v2\/pages\/162","targetHints":{"allow":["GET"]}}],"collection":[{"href":"https:\/\/www.xn--weinblten-v9a.at\/index.php?rest_route=\/wp\/v2\/pages"}],"about":[{"href":"https:\/\/www.xn--weinblten-v9a.at\/index.php?rest_route=\/wp\/v2\/types\/page"}],"author":[{"embeddable":true,"href":"https:\/\/www.xn--weinblten-v9a.at\/index.php?rest_route=\/wp\/v2\/users\/1"}],"replies":[{"embeddable":true,"href":"https:\/\/www.xn--weinblten-v9a.at\/index.php?rest_route=%2Fwp%2Fv2%2Fcomments&post=162"}],"version-history":[{"count":5,"href":"https:\/\/www.xn--weinblten-v9a.at\/index.php?rest_route=\/wp\/v2\/pages\/162\/revisions"}],"predecessor-version":[{"id":268,"href":"https:\/\/www.xn--weinblten-v9a.at\/index.php?rest_route=\/wp\/v2\/pages\/162\/revisions\/268"}],"wp:attachment":[{"href":"https:\/\/www.xn--weinblten-v9a.at\/index.php?rest_route=%2Fwp%2Fv2%2Fmedia&parent=162"}],"curies":[{"name":"wp","href":"https:\/\/api.w.org\/{rel}","templated":true}]}}