{"id":23,"date":"2022-03-29T22:23:18","date_gmt":"2022-03-29T20:23:18","guid":{"rendered":"http:\/\/www.xn--weinblten-v9a.at\/?page_id=23"},"modified":"2022-04-22T18:00:29","modified_gmt":"2022-04-22T16:00:29","slug":"ueber-uns","status":"publish","type":"page","link":"https:\/\/www.xn--weinblten-v9a.at\/?page_id=23","title":{"rendered":"Die Winzerinnen"},"content":{"rendered":"\n<p>Es begann alles in einem Reich l\u00e4ngst erloschener Vulkane und saftiger Weing\u00e4rten, als sich sechs Frauen zusammenschlossen und die Weinbl\u00fcten gr\u00fcndeten. <a href=\"http:\/\/www.xn--weinblten-v9a.at\/?page_id=159\" data-type=\"URL\" data-id=\"http:\/\/www.xn--weinblten-v9a.at\/?page_id=159\">Anne<\/a>, <a href=\"http:\/\/www.xn--weinblten-v9a.at\/?page_id=162\" data-type=\"URL\" data-id=\"http:\/\/www.xn--weinblten-v9a.at\/?page_id=162\">Beatrix<\/a>, <a href=\"http:\/\/www.xn--weinblten-v9a.at\/?page_id=167\" data-type=\"URL\" data-id=\"http:\/\/www.xn--weinblten-v9a.at\/?page_id=167\">Bettina<\/a>, <a href=\"http:\/\/www.xn--weinblten-v9a.at\/?page_id=156\" data-type=\"URL\" data-id=\"http:\/\/www.xn--weinblten-v9a.at\/?page_id=156\">Claudia<\/a>, <a href=\"http:\/\/www.xn--weinblten-v9a.at\/?page_id=144\" data-type=\"URL\" data-id=\"http:\/\/www.xn--weinblten-v9a.at\/?page_id=144\">Kathrin<\/a> und <a href=\"http:\/\/www.xn--weinblten-v9a.at\/?page_id=171\" data-type=\"URL\" data-id=\"http:\/\/www.xn--weinblten-v9a.at\/?page_id=171\">Sigrid<\/a> haben ihren Traum zum Beruf gemacht, und das im gr\u00fcnen Herzen \u00d6sterreichs. Ein mildes, mediterranes Klima, sanfte H\u00fcgellandschaften umrankt von Weing\u00e4rten, verlassene Burgruinen, kulinarische K\u00f6stlichkeiten an jeder Ecke sowie die erlesensten Weine. <\/p>\n\n\n\n<p>BESONDERES!<\/p>\n\n\n\n<p>Ein weiteres gemeinsames Projekt das ihnen am Herzen liegt ist <a href=\"https:\/\/www.cuvee-charite.at\/\" data-type=\"URL\" data-id=\"https:\/\/www.cuvee-charite.at\/\">Cuve\u00e9 Charit\u00e9<\/a>. Hier helfen die Weinbl\u00fcten mit anderen Winzerinnen, Hand in Hand, mit Frauenzimmer Weine &amp; VIN2 de Femme, gegen h\u00e4usliche Gewalt. Zw\u00f6lf Winzerinnen aus allen weinbaubetreibenden Bundesl\u00e4ndern ziehen f\u00fcr diese gute Sache an einem Strang!<\/p>\n\n\n\n<figure class=\"wp-block-image size-large\"><img fetchpriority=\"high\" decoding=\"async\" width=\"1024\" height=\"394\" src=\"http:\/\/www.xn--weinblten-v9a.at\/wp-content\/uploads\/2022\/03\/welle043-1024x394.png\" alt=\"\" class=\"wp-image-227\" srcset=\"https:\/\/www.xn--weinblten-v9a.at\/wp-content\/uploads\/2022\/03\/welle043-1024x394.png 1024w, https:\/\/www.xn--weinblten-v9a.at\/wp-content\/uploads\/2022\/03\/welle043-300x115.png 300w, https:\/\/www.xn--weinblten-v9a.at\/wp-content\/uploads\/2022\/03\/welle043-768x295.png 768w, https:\/\/www.xn--weinblten-v9a.at\/wp-content\/uploads\/2022\/03\/welle043-1536x591.png 1536w, https:\/\/www.xn--weinblten-v9a.at\/wp-content\/uploads\/2022\/03\/welle043-2048x788.png 2048w, https:\/\/www.xn--weinblten-v9a.at\/wp-content\/uploads\/2022\/03\/welle043-1140x439.png 1140w\" sizes=\"(max-width: 1024px) 100vw, 1024px\" \/><figcaption>Die Weinbl\u00fcten <\/figcaption><\/figure>\n","protected":false},"excerpt":{"rendered":"<p>Es begann alles in einem Reich l\u00e4ngst erloschener Vulkane und saftiger Weing\u00e4rten, als sich sechs Frauen zusammenschlossen und die Weinbl\u00fcten gr\u00fcndeten. Anne, Beatrix, Bettina, Claudia, Kathrin und Sigrid haben ihren Traum zum Beruf gemacht, und das im gr\u00fcnen Herzen \u00d6sterreichs. Ein mildes, mediterranes Klima, sanfte H\u00fcgellandschaften umrankt von Weing\u00e4rten, verlassene Burgruinen, kulinarische K\u00f6stlichkeiten an jeder Ecke sowie die erlesensten Weine. BESONDERES! Ein weiteres gemeinsames Projekt das ihnen am Herzen liegt ist Cuve\u00e9 Charit\u00e9. Hier helfen die Weinbl\u00fcten mit anderen Winzerinnen, Hand in Hand, mit Frauenzimmer Weine &amp; VIN2 de Femme, gegen h\u00e4usliche Gewalt. Zw\u00f6lf Winzerinnen aus allen weinbaubetreibenden Bundesl\u00e4ndern ziehen f\u00fcr diese gute Sache an einem Strang!<\/p>\n","protected":false},"author":1,"featured_media":0,"parent":0,"menu_order":0,"comment_status":"closed","ping_status":"closed","template":"","meta":{"_mc_calendar":[],"footnotes":""},"class_list":["post-23","page","type-page","status-publish","hentry"],"_links":{"self":[{"href":"https:\/\/www.xn--weinblten-v9a.at\/index.php?rest_route=\/wp\/v2\/pages\/23","targetHints":{"allow":["GET"]}}],"collection":[{"href":"https:\/\/www.xn--weinblten-v9a.at\/index.php?rest_route=\/wp\/v2\/pages"}],"about":[{"href":"https:\/\/www.xn--weinblten-v9a.at\/index.php?rest_route=\/wp\/v2\/types\/page"}],"author":[{"embeddable":true,"href":"https:\/\/www.xn--weinblten-v9a.at\/index.php?rest_route=\/wp\/v2\/users\/1"}],"replies":[{"embeddable":true,"href":"https:\/\/www.xn--weinblten-v9a.at\/index.php?rest_route=%2Fwp%2Fv2%2Fcomments&post=23"}],"version-history":[{"count":9,"href":"https:\/\/www.xn--weinblten-v9a.at\/index.php?rest_route=\/wp\/v2\/pages\/23\/revisions"}],"predecessor-version":[{"id":328,"href":"https:\/\/www.xn--weinblten-v9a.at\/index.php?rest_route=\/wp\/v2\/pages\/23\/revisions\/328"}],"wp:attachment":[{"href":"https:\/\/www.xn--weinblten-v9a.at\/index.php?rest_route=%2Fwp%2Fv2%2Fmedia&parent=23"}],"curies":[{"name":"wp","href":"https:\/\/api.w.org\/{rel}","templated":true}]}}