{"id":31,"date":"2022-03-29T22:28:59","date_gmt":"2022-03-29T20:28:59","guid":{"rendered":"http:\/\/www.xn--weinblten-v9a.at\/?page_id=31"},"modified":"2026-03-25T12:59:13","modified_gmt":"2026-03-25T11:59:13","slug":"onlineshop","status":"publish","type":"page","link":"https:\/\/www.xn--weinblten-v9a.at\/?page_id=31","title":{"rendered":"Onlineshop"},"content":{"rendered":"\n<p>Genie\u00dfen Sie das beste Tr\u00f6pfchen aus den verschiedenen Weinh\u00f6fen. Jedes<strong> Weinpaket besteht aus 6 Weinflaschen<\/strong> und verschiedenen Weinsorten!! Versandkostenfrei!<\/p>\n\n\n<div class=\"wp-block-image\">\n<figure class=\"alignright size-large is-resized\"><img fetchpriority=\"high\" decoding=\"async\" width=\"1024\" height=\"404\" src=\"http:\/\/www.xn--weinblten-v9a.at\/wp-content\/uploads\/2022\/04\/Unbenannt-1-1024x404.png\" alt=\"\" class=\"wp-image-331\" style=\"width:230px;height:91px\" srcset=\"https:\/\/www.xn--weinblten-v9a.at\/wp-content\/uploads\/2022\/04\/Unbenannt-1-1024x404.png 1024w, https:\/\/www.xn--weinblten-v9a.at\/wp-content\/uploads\/2022\/04\/Unbenannt-1-300x118.png 300w, https:\/\/www.xn--weinblten-v9a.at\/wp-content\/uploads\/2022\/04\/Unbenannt-1-768x303.png 768w, https:\/\/www.xn--weinblten-v9a.at\/wp-content\/uploads\/2022\/04\/Unbenannt-1-1536x606.png 1536w, https:\/\/www.xn--weinblten-v9a.at\/wp-content\/uploads\/2022\/04\/Unbenannt-1-2048x808.png 2048w, https:\/\/www.xn--weinblten-v9a.at\/wp-content\/uploads\/2022\/04\/Unbenannt-1-1140x450.png 1140w\" sizes=\"(max-width: 1024px) 100vw, 1024px\" \/><figcaption class=\"wp-element-caption\"><strong>PRO WEINPAKET 6 FLASCHEN<\/strong><\/figcaption><\/figure>\n<\/div>\n\n\n<ul class=\"wp-block-list\">\n<li>Weinpaket <strong><mark style=\"background-color:rgba(0, 0, 0, 0);color:#2ab708\" class=\"has-inline-color\">Leicht &amp; Fruchtig<\/mark><\/strong> \u20ac 59,-\n<ul class=\"wp-block-list\">\n<li>Welschriesling | S\u00e4mling | Gelber Muskateller | Wei\u00dfburgunder | Riesling | Sauvignon Blanc<\/li>\n<\/ul>\n<\/li>\n<\/ul>\n\n\n\n<ul class=\"wp-block-list\">\n<li>Weinpaket <strong><mark style=\"background-color:rgba(0, 0, 0, 0);color:#c10d0d\" class=\"has-inline-color\">Kr\u00e4ftig &amp; Gehaltvoll<\/mark><\/strong> \u20ac 74,-\n<ul class=\"wp-block-list\">\n<li>TAU-Tieschen | Chardonnay St. Anna | Ried Stradenberg Riesling | Ried Kranzler Sauvignon Blanc | Gew\u00fcrztraminer Sp\u00e4tlese | Blauer Zweigelt<\/li>\n<\/ul>\n<\/li>\n<\/ul>\n\n\n\n<ul class=\"wp-block-list\">\n<li>Weinpaket <strong><mark style=\"background-color:rgba(0, 0, 0, 0);color:#fc5790\" class=\"has-inline-color\">Die Rosi<\/mark><\/strong> per Flasche \u20ac 9,- \/ Mindestbestellmenge 6 St\u00fcck<\/li>\n<\/ul>\n\n\n\n<p><\/p>\n\n\n\n<p><\/p>\n\n\n\n<p><\/p>\n\n\n\n<p><strong>Bestellung: <\/strong><\/p>\n\n\n\n<div class=\"wp-block-contact-form-7-contact-form-selector\">\n<div class=\"wpcf7 no-js\" id=\"wpcf7-f329-o1\" lang=\"de-AT\" dir=\"ltr\" data-wpcf7-id=\"329\">\n<div class=\"screen-reader-response\"><p role=\"status\" aria-live=\"polite\" aria-atomic=\"true\"><\/p> <ul><\/ul><\/div>\n<form action=\"\/index.php?rest_route=%2Fwp%2Fv2%2Fpages%2F31#wpcf7-f329-o1\" method=\"post\" class=\"wpcf7-form init\" aria-label=\"Contact form\" novalidate=\"novalidate\" data-status=\"init\">\n<fieldset class=\"hidden-fields-container\"><input type=\"hidden\" name=\"_wpcf7\" value=\"329\" \/><input type=\"hidden\" name=\"_wpcf7_version\" value=\"6.1.5\" \/><input type=\"hidden\" name=\"_wpcf7_locale\" value=\"de_AT\" \/><input type=\"hidden\" name=\"_wpcf7_unit_tag\" value=\"wpcf7-f329-o1\" \/><input type=\"hidden\" name=\"_wpcf7_container_post\" value=\"0\" \/><input type=\"hidden\" name=\"_wpcf7_posted_data_hash\" value=\"\" \/>\n<\/fieldset>\n<p><label> Name<br \/>\n<span class=\"wpcf7-form-control-wrap\" data-name=\"your-name\"><input size=\"40\" maxlength=\"400\" class=\"wpcf7-form-control wpcf7-text wpcf7-validates-as-required\" aria-required=\"true\" aria-invalid=\"false\" value=\"\" type=\"text\" name=\"your-name\" \/><\/span> <\/label>\n<\/p>\n<p><label> Zustelladresse (Rechnungsadresse)<br \/>\n<span class=\"wpcf7-form-control-wrap\" data-name=\"your-adress\"><input size=\"40\" maxlength=\"400\" class=\"wpcf7-form-control wpcf7-text wpcf7-validates-as-required\" aria-required=\"true\" aria-invalid=\"false\" value=\"\" type=\"text\" name=\"your-adress\" \/><\/span> <\/label>\n<\/p>\n<p><label> Deine Emaildresse<br \/>\n<span class=\"wpcf7-form-control-wrap\" data-name=\"your-email\"><input size=\"40\" maxlength=\"400\" class=\"wpcf7-form-control wpcf7-email wpcf7-validates-as-required wpcf7-text wpcf7-validates-as-email\" aria-required=\"true\" aria-invalid=\"false\" value=\"\" type=\"email\" name=\"your-email\" \/><\/span> <\/label>\n<\/p>\n<p><label> Weinpaket<br \/>\n<span class=\"wpcf7-form-control-wrap\" data-name=\"your-subject\"><input size=\"40\" maxlength=\"400\" class=\"wpcf7-form-control wpcf7-text wpcf7-validates-as-required\" aria-required=\"true\" aria-invalid=\"false\" value=\"\" type=\"text\" name=\"your-subject\" \/><\/span> <\/label>\n<\/p>\n<p><label> Nachricht (optional)<br \/>\n<span class=\"wpcf7-form-control-wrap\" data-name=\"your-message\"><textarea cols=\"40\" rows=\"10\" maxlength=\"2000\" class=\"wpcf7-form-control wpcf7-textarea\" aria-invalid=\"false\" name=\"your-message\"><\/textarea><\/span> <\/label>\n<\/p>\n<p><input class=\"wpcf7-form-control wpcf7-submit has-spinner\" type=\"submit\" value=\"senden\" \/>\n<\/p><div class=\"wpcf7-response-output\" aria-hidden=\"true\"><\/div>\n<\/form>\n<\/div>\n<\/div>\n\n\n\n<p><\/p>\n\n\n\n<p><\/p>\n","protected":false},"excerpt":{"rendered":"<p>Genie\u00dfen Sie das beste Tr\u00f6pfchen aus den verschiedenen Weinh\u00f6fen. Jedes Weinpaket besteht aus 6 Weinflaschen und verschiedenen Weinsorten!! Versandkostenfrei! Bestellung:<\/p>\n","protected":false},"author":1,"featured_media":0,"parent":0,"menu_order":0,"comment_status":"closed","ping_status":"closed","template":"","meta":{"_mc_calendar":[],"footnotes":""},"class_list":["post-31","page","type-page","status-publish","hentry"],"_links":{"self":[{"href":"https:\/\/www.xn--weinblten-v9a.at\/index.php?rest_route=\/wp\/v2\/pages\/31","targetHints":{"allow":["GET"]}}],"collection":[{"href":"https:\/\/www.xn--weinblten-v9a.at\/index.php?rest_route=\/wp\/v2\/pages"}],"about":[{"href":"https:\/\/www.xn--weinblten-v9a.at\/index.php?rest_route=\/wp\/v2\/types\/page"}],"author":[{"embeddable":true,"href":"https:\/\/www.xn--weinblten-v9a.at\/index.php?rest_route=\/wp\/v2\/users\/1"}],"replies":[{"embeddable":true,"href":"https:\/\/www.xn--weinblten-v9a.at\/index.php?rest_route=%2Fwp%2Fv2%2Fcomments&post=31"}],"version-history":[{"count":25,"href":"https:\/\/www.xn--weinblten-v9a.at\/index.php?rest_route=\/wp\/v2\/pages\/31\/revisions"}],"predecessor-version":[{"id":545,"href":"https:\/\/www.xn--weinblten-v9a.at\/index.php?rest_route=\/wp\/v2\/pages\/31\/revisions\/545"}],"wp:attachment":[{"href":"https:\/\/www.xn--weinblten-v9a.at\/index.php?rest_route=%2Fwp%2Fv2%2Fmedia&parent=31"}],"curies":[{"name":"wp","href":"https:\/\/api.w.org\/{rel}","templated":true}]}}